{"id":3407,"date":"2023-09-26T10:47:15","date_gmt":"2023-09-26T09:47:15","guid":{"rendered":"http:\/\/velvettouch.dk\/?page_id=3407"},"modified":"2024-04-02T21:34:57","modified_gmt":"2024-04-02T20:34:57","slug":"privacy-policytermsandconditions","status":"publish","type":"page","link":"http:\/\/velvettouch.dk\/en\/privacy-policytermsandconditions\/","title":{"rendered":"Privacy Policy"},"content":{"rendered":"\t\t<div data-elementor-type=\"wp-page\" data-elementor-id=\"3407\" class=\"elementor elementor-3407\" data-elementor-post-type=\"page\">\n\t\t\t\t<div class=\"elementor-element elementor-element-3ea7069f e-flex e-con-boxed e-con e-parent\" data-id=\"3ea7069f\" data-element_type=\"container\">\n\t\t\t\t\t<div class=\"e-con-inner\">\n\t\t\t\t<div class=\"elementor-element elementor-element-5ae0f716 elementor-widget elementor-widget-text-editor\" data-id=\"5ae0f716\" data-element_type=\"widget\" data-widget_type=\"text-editor.default\">\n\t\t\t\t<div class=\"elementor-widget-container\">\n\t\t\t\t\t\t\t<h2>Cookies og privatlivspolitik<\/h2>\n<p><!-- \/wp:heading --><!-- wp:paragraph --><\/p>\n<div class=\"entry-content\">\n<p><strong>Introduktion<br \/><\/strong>N\u00e5r du bes\u00f8ger vores website indsamles der oplysninger om dig, som bruges til at tilpasse og forbedre vores indhold og til at \u00f8ge v\u00e6rdien af de annoncer, der vises p\u00e5 siden. Hvis du ikke \u00f8nsker, at der indsamles oplysninger, b\u00f8r du slette dine cookies (<a href=\"http:\/\/minecookies.org\/cookiehandtering\" target=\"_blank\" rel=\"noopener\">se vejledning<\/a>) og undlade videre brug af websitet. Nedenfor har vi uddybet, hvilke informationer der indsamles, deres form\u00e5l og hvilke tredjeparter, der har adgang til dem.<\/p>\n<p><strong>Cookies<\/strong><br \/>Websitet anvender \u201dcookies\u201d, der er en tekstfil, som gemmes p\u00e5 din computer, mobil el. tilsvarende med det form\u00e5l at genkende den, huske indstillinger, udf\u00f8re statistik og m\u00e5lrette annoncer. Cookies kan ikke indeholde skadelig kode som f.eks. virus.<\/p>\n<p>Det er muligt at slette eller blokere for cookies. Se vejledning:\u00a0<a href=\"http:\/\/minecookies.org\/cookiehandtering\" target=\"_blank\" rel=\"noopener\">http:\/\/minecookies.org\/cookiehandtering<\/a><\/p>\n<p>Hvis du sletter eller blokerer cookies vil annoncer kunne blive mindre relevante for dig og optr\u00e6de hyppigere. Du kan desuden risikere at websitet ikke fungerer optimalt samt at der er indhold, du ikke kan f\u00e5 adgang til.<\/p>\n<p><strong>Personoplysninger<\/strong><\/p>\n<p><strong>Generelt<br \/><\/strong>Personoplysninger er alle slags informationer, der i et eller andet omfang kan henf\u00f8res til dig. N\u00e5r du benytter vores website indsamler og behandler vi en r\u00e6kke s\u00e5danne informationer. Det sker f.eks. ved alm. tilgang af indhold, hvis du tilmelder dig vores nyhedsbrev, deltager i konkurrencer eller unders\u00f8gelser, registrerer dig som bruger eller abonnent, \u00f8vrig brug af services eller foretager k\u00f8b via websitet.<\/p>\n<p>Vi indsamler og behandler typisk f\u00f8lgende typer af oplysninger: Et unikt ID og tekniske oplysninger om din computer, tablet eller mobiltelefon, dit IP-nummer, geografisk placering, samt hvilke sider du klikker p\u00e5 (interesser). I det omfang du selv giver eksplicit samtykke hertil og selv indtaster informationerne behandles desuden: Navn, telefonnummer, e-mail, adresse. Det sker typisk i forbindelse med, at du opretter et login eller ved k\u00f8b p\u00e5 siden.<\/p>\n<p><strong style=\"font-size: 16px;\">Sikkerhed<\/strong><\/p>\n<\/div>\n<p><span style=\"font-size: 16px;\">Vi har truffet tekniske og organisatoriske foranstaltninger mod, at dine oplysninger h\u00e6ndeligt eller ulovligt bliver slettet, offentliggjort, fortabt, forringet eller kommer til uvedkommendes kendskab, misbruges eller i \u00f8vrigt behandles i strid med lovgivningen.<\/span><\/p>\n<div class=\"entry-content\">\n<p><strong>Form\u00e5l<br \/><\/strong>Oplysningerne bruges til at identificere dig som bruger og vise dig de annoncer, som vil have st\u00f8rst sandsynlighed for at v\u00e6re relevante for dig, at registrere dine k\u00f8b og betalinger, samt at kunne levere de services, du har efterspurgt, som f.eks. at fremsende et nyhedsbrev. Herudover anvender vi oplysningerne til at optimere vores services og indhold.<\/p>\n<p><strong>Periode for opbevaring<br \/><\/strong>Oplysningerne opbevares i det tidsrum, der er tilladt i henhold til lovgivningen, og vi sletter dem, n\u00e5r de ikke l\u00e6ngere er n\u00f8dvendige. Perioden afh\u00e6nger af karakteren af oplysningen og baggrunden for opbevaring. Det er derfor ikke muligt at angive en generel tidsramme for, hvorn\u00e5r informationer slettes.<\/p>\n<p><strong>Videregivelse af oplysninger<br \/><\/strong>Data om din brug af websitet, hvilke annoncer, du modtager og evt. klikker p\u00e5, geografisk placering, k\u00f8n og alderssegment m.v. videregives til tredjeparter i det omfang disse oplysninger er kendt. Du kan se hvilke tredjeparter, der er tale om, i afsnittet om \u201dCookies\u201d ovenfor. Oplysningerne anvendes til m\u00e5lretning af annoncering.<\/p>\n<p>Vi benytter herudover en r\u00e6kke tredjeparter til opbevaring og behandling af data. Disse behandler udelukkende oplysninger p\u00e5 vores vegne og m\u00e5 ikke anvende dem til egne form\u00e5l.<\/p>\n<p>Videregivelse af personoplysninger som navn og e-mail m.v. vil kun ske, hvis du giver samtykke til det. Vi anvender kun databehandlere i EU eller i lande, der kan give dine oplysninger en tilstr\u00e6kkelig beskyttelse.<\/p>\n<p><strong>Indsigt og klager<br \/><\/strong>Du har ret til at f\u00e5 oplyst, hvilke personoplysninger, vi behandler om dig. Du kan desuden til enhver tid g\u00f8re indsigelse mod, at oplysninger anvendes. Du kan ogs\u00e5 tilbagekalde dit samtykke til, at der bliver behandlet oplysninger om dig. Hvis de oplysninger, der behandles om dig, er forkerte har du ret til at de bliver rettet eller slettet. Henvendelse herom kan ske til: info@velvettouch.<em>dk<\/em>. Hvis du vil klage over vores behandling af dine personoplysninger, har du ogs\u00e5 mulighed for at tage kontakt til\u00a0<a href=\"http:\/\/www.datatilsynet.dk\/\" target=\"_blank\" rel=\"noopener\">Datatilsynet<\/a>.<\/p>\n<p><strong>Udgiver<br \/><\/strong>Websitet ejes og publiceres af:<\/p>\n<div class=\"page\" title=\"Page 1\">\n<div class=\"layoutArea\">\n<div class=\"column\">\n<p>Velvet Touch v\/ Monika Sadlonova<\/p>\n<\/div>\n<\/div>\n<div class=\"layoutArea\">\n<div class=\"column\">\n<p>CVR-nummer 42319228<br \/>Strandvejen 12<br \/>8305 Sams\u00f8<\/p>\n<\/div>\n<\/div>\n<\/div>\n<\/div>\n<p>\u00a0<\/p>\n<h2>Handelsbetingelser<\/h2>\n<div class=\"entry-content\">\n<div class=\"page\" title=\"Page 1\">\n<div class=\"layoutArea\">\n<p>**Din e-mailadresse kan blive brugt til at sende information og tilbud. Du kan framelde dig e-mails efterf\u00f8lgende ved at trykke p\u00e5 \u201cAfmeld\u201d i bunden af den p\u00e5g\u00e6ldende e-mail.<\/p>\n<p>N\u00e5r du har bestilt gavekort \/klippekort hos os, opbevarer vi ordreoplysningerne. Du kan se dine ordreoplysninger p\u00e5 sk\u00e6rmen samt p\u00e5 den ordrebekr\u00e6ftelse, der bliver sendt til din e-mail adresse.<\/p>\n<p>Betaling:<br \/>Betaling af gavekort og klippekort foretages gennem QuickPay &#8211; udbyder af systemer til h\u00e5ndtering af betalingstransaktioner. Du kan betale med f\u00f8lgende betalingsmidler: Dankort, VISA, VISA Electron, Maestro og MasterCard.<\/p>\n<p>De data, som du oplyser i forbindelse med et k\u00f8b, der er betalt med betalingskort, er krypterede (SSL), og det er s\u00e5ledes kun QuickPay, der kan l\u00e6se dem. Hverken Velvet Touch eller andre har mulighed for at l\u00e6se dataene.<\/p>\n<p>Bel\u00f8bet for Gavekort \/ klippekort tr\u00e6kkes s\u00e5 snart du har betalt din ordre. Der kan aldrig tr\u00e6kkes et st\u00f8rre bel\u00f8b, end det, som du har godkendt ved k\u00f8bet.<\/p>\n<p>Leveringsbetingelser:<br \/>Gavekort \/ klippekortt leveres p\u00e5 email som en pdf fil i l\u00f8bet af en time efter du har betalt din ordre.<br \/>Gavekort \/ klippekort er personligt og kan ikke udbetales i kontanter.<br \/>Eventuel restbel\u00f8b p\u00e5 kortet kan bruges ved senere k\u00f8b.<br \/>Gavekort er gyldige i et \u00e5r.<\/p>\n<p>Fortrydelsesret:<br \/>Fortryder du k\u00f8bet af et gavekort \/ klippekort, kan bel\u00f8bet returneres maks. 14 dage efter modtagelse af gavekortet. Send e-mail til info@velvettouch.dk. Husk at vedl\u00e6gge ordrebekr\u00e6ftelsen, som du har modtaget pr. e-mail.<\/p>\n<p>Hvis du sletter din booking online inden 24 timer f\u00f8r din aftale, refunderes klip automatisk til dit klippekort. Det er dit ansvar at f\u00e5 brugt dine klip inden udl\u00f8bsdatoen p\u00e5 kortet. Dine klippekort er elektroniske, k\u00f8bes online og knyttes til din profil straks efter dit k\u00f8b. Herefter kan du bestille din aftale, og systemet vil automatisk tr\u00e6kke klippet fra dit klippekort. Du kan se overblik over klippekort og gyldighedsperioder p\u00e5 din profil i det online bookingsystem.<\/p>\n<\/div>\n<\/div>\n<\/div>\t\t\t\t\t\t<\/div>\n\t\t\t\t<\/div>\n\t\t\t\t\t<\/div>\n\t\t\t\t<\/div>\n\t\t\t\t<\/div>\n\t\t","protected":false},"excerpt":{"rendered":"<p>Cookies og privatlivspolitik IntroduktionN\u00e5r du bes\u00f8ger vores website indsamles der oplysninger om dig, som bruges til at tilpasse og forbedre vores indhold og til at \u00f8ge v\u00e6rdien af de annoncer, der vises p\u00e5 siden. Hvis du ikke \u00f8nsker, at der indsamles oplysninger, b\u00f8r du slette dine cookies (se vejledning) og undlade videre brug af websitet. [&hellip;]<\/p>\n","protected":false},"author":1,"featured_media":0,"parent":0,"menu_order":0,"comment_status":"closed","ping_status":"open","template":"","meta":{"rank_math_lock_modified_date":false,"site-sidebar-layout":"default","site-content-layout":"","ast-site-content-layout":"default","site-content-style":"default","site-sidebar-style":"default","ast-global-header-display":"","ast-banner-title-visibility":"","ast-main-header-display":"","ast-hfb-above-header-display":"","ast-hfb-below-header-display":"","ast-hfb-mobile-header-display":"","site-post-title":"","ast-breadcrumbs-content":"","ast-featured-img":"","footer-sml-layout":"","theme-transparent-header-meta":"","adv-header-id-meta":"","stick-header-meta":"","header-above-stick-meta":"","header-main-stick-meta":"","header-below-stick-meta":"","astra-migrate-meta-layouts":"set","ast-page-background-enabled":"default","ast-page-background-meta":{"desktop":{"background-color":"var(--ast-global-color-4)","background-image":"","background-repeat":"repeat","background-position":"center center","background-size":"auto","background-attachment":"scroll","background-type":"","background-media":"","overlay-type":"","overlay-color":"","overlay-opacity":"","overlay-gradient":""},"tablet":{"background-color":"","background-image":"","background-repeat":"repeat","background-position":"center center","background-size":"auto","background-attachment":"scroll","background-type":"","background-media":"","overlay-type":"","overlay-color":"","overlay-opacity":"","overlay-gradient":""},"mobile":{"background-color":"","background-image":"","background-repeat":"repeat","background-position":"center center","background-size":"auto","background-attachment":"scroll","background-type":"","background-media":"","overlay-type":"","overlay-color":"","overlay-opacity":"","overlay-gradient":""}},"ast-content-background-meta":{"desktop":{"background-color":"var(--ast-global-color-5)","background-image":"","background-repeat":"repeat","background-position":"center center","background-size":"auto","background-attachment":"scroll","background-type":"","background-media":"","overlay-type":"","overlay-color":"","overlay-opacity":"","overlay-gradient":""},"tablet":{"background-color":"var(--ast-global-color-5)","background-image":"","background-repeat":"repeat","background-position":"center center","background-size":"auto","background-attachment":"scroll","background-type":"","background-media":"","overlay-type":"","overlay-color":"","overlay-opacity":"","overlay-gradient":""},"mobile":{"background-color":"var(--ast-global-color-5)","background-image":"","background-repeat":"repeat","background-position":"center center","background-size":"auto","background-attachment":"scroll","background-type":"","background-media":"","overlay-type":"","overlay-color":"","overlay-opacity":"","overlay-gradient":""}},"footnotes":""},"class_list":["post-3407","page","type-page","status-publish","hentry"],"_links":{"self":[{"href":"http:\/\/velvettouch.dk\/en\/wp-json\/wp\/v2\/pages\/3407"}],"collection":[{"href":"http:\/\/velvettouch.dk\/en\/wp-json\/wp\/v2\/pages"}],"about":[{"href":"http:\/\/velvettouch.dk\/en\/wp-json\/wp\/v2\/types\/page"}],"author":[{"embeddable":true,"href":"http:\/\/velvettouch.dk\/en\/wp-json\/wp\/v2\/users\/1"}],"replies":[{"embeddable":true,"href":"http:\/\/velvettouch.dk\/en\/wp-json\/wp\/v2\/comments?post=3407"}],"version-history":[{"count":0,"href":"http:\/\/velvettouch.dk\/en\/wp-json\/wp\/v2\/pages\/3407\/revisions"}],"wp:attachment":[{"href":"http:\/\/velvettouch.dk\/en\/wp-json\/wp\/v2\/media?parent=3407"}],"curies":[{"name":"wp","href":"https:\/\/api.w.org\/{rel}","templated":true}]}}